{"id":1402,"date":"2021-06-29T08:55:12","date_gmt":"2021-06-29T08:55:12","guid":{"rendered":"https:\/\/www.portocard.city\/?page_id=1402"},"modified":"2021-06-29T12:08:46","modified_gmt":"2021-06-29T12:08:46","slug":"porto-airport","status":"publish","type":"page","link":"https:\/\/www.portocard.city\/en\/porto-airport\/","title":{"rendered":"Porto Airport"},"content":{"rendered":"<div id='full_slider_1'  class='avia-fullwidth-slider main_color avia-shadow   avia-builder-el-0  el_before_av_textblock  avia-builder-el-first   container_wrap sidebar_right'  ><div  class='avia-slideshow av-kqht0onq-7f06d30296e0f09ace493abbf008e857 avia-slideshow-featured av_slideshow_full avia-slide-slider av-slideshow-ui av-control-default av-slideshow-manual av-loop-once av-loop-manual-endless av-default-height-applied   avia-slideshow-1' data-slideshow-options=\"{&quot;animation&quot;:&quot;slide&quot;,&quot;autoplay&quot;:false,&quot;loop_autoplay&quot;:&quot;once&quot;,&quot;interval&quot;:5,&quot;loop_manual&quot;:&quot;manual-endless&quot;,&quot;autoplay_stopper&quot;:false,&quot;noNavigation&quot;:false,&quot;bg_slider&quot;:false,&quot;keep_padding&quot;:false,&quot;hoverpause&quot;:false,&quot;show_slide_delay&quot;:0}\"  itemprop=\"image\" itemscope=\"itemscope\" itemtype=\"https:\/\/schema.org\/ImageObject\" ><ul class='avia-slideshow-inner ' style='padding-bottom: 17.6%;'><li  class='avia-slideshow-slide av-kqht0onq-7f06d30296e0f09ace493abbf008e857__0  av-single-slide slide-1 slide-odd'><div data-rel='slideshow-1' class='avia-slide-wrap '   ><img decoding=\"async\" fetchpriority=\"high\" class=\"wp-image-1403 avia-img-lazy-loading-not-1403\"  src=\"https:\/\/www.portocard.city\/de\/wp-content\/uploads\/2021\/06\/porto_airport_fao.jpg\" width=\"1500\" height=\"264\" title='porto_airport_fao' alt=''  itemprop=\"thumbnailUrl\" srcset=\"https:\/\/www.portocard.city\/de\/wp-content\/uploads\/2021\/06\/porto_airport_fao.jpg 1500w, https:\/\/www.portocard.city\/de\/wp-content\/uploads\/2021\/06\/porto_airport_fao-300x53.jpg 300w, https:\/\/www.portocard.city\/de\/wp-content\/uploads\/2021\/06\/porto_airport_fao-1030x181.jpg 1030w, https:\/\/www.portocard.city\/de\/wp-content\/uploads\/2021\/06\/porto_airport_fao-768x135.jpg 768w, https:\/\/www.portocard.city\/de\/wp-content\/uploads\/2021\/06\/porto_airport_fao-705x124.jpg 705w, https:\/\/www.portocard.city\/de\/wp-content\/uploads\/2021\/06\/porto_airport_fao-450x79.jpg 450w\" sizes=\"(max-width: 1500px) 100vw, 1500px\" \/><\/div><\/li><\/ul><\/div><\/div><div id='after_full_slider_1'  class='main_color av_default_container_wrap container_wrap sidebar_right'  ><div class='container av-section-cont-open' ><div class='template-page content  av-content-small alpha units'><div class='post-entry post-entry-type-page post-entry-1402'><div class='entry-content-wrapper clearfix'>\n<section  class='av_textblock_section av-kqht2q2u-ba8f7e993ec1dcee071427a5d499c2d9 '   itemscope=\"itemscope\" itemtype=\"https:\/\/schema.org\/CreativeWork\" ><div class='avia_textblock'  itemprop=\"text\" ><h1>PORTO AIRPORT &#8220;FRANCISCO S\u00c1 CARNEIRO (OPO)&#8221;<\/h1>\n<p>Porto International Airport (Portuguese: Aeroporto Porto Francisco S\u00e1 Carneiro or Aeroporto de Pedras Rubras, IATA: OPO, ICAO: LPPR) is located about 10 km northwest of the city center of Porto in the area of the municipality of Maia.<\/p>\n<\/div><\/section>\n<div  class='avia-slideshow av-kqhtdun9-42811ed60118239471f87e95ab015aa3 avia-slideshow-featured av_slideshow avia-slide-slider  avia-builder-el-2  el_after_av_textblock  el_before_av_textblock  av-slideshow-ui av-control-default av-slideshow-autoplay av-loop-endless av-loop-manual-endless av-default-height-applied avia-slideshow-2' data-slideshow-options=\"{&quot;animation&quot;:&quot;slide&quot;,&quot;autoplay&quot;:true,&quot;loop_autoplay&quot;:&quot;endless&quot;,&quot;interval&quot;:5,&quot;loop_manual&quot;:&quot;manual-endless&quot;,&quot;autoplay_stopper&quot;:false,&quot;noNavigation&quot;:false,&quot;bg_slider&quot;:false,&quot;keep_padding&quot;:false,&quot;hoverpause&quot;:false,&quot;show_slide_delay&quot;:0}\"  itemprop=\"image\" itemscope=\"itemscope\" itemtype=\"https:\/\/schema.org\/ImageObject\" ><ul class='avia-slideshow-inner ' style='padding-bottom: 48.75%;'><li  class='avia-slideshow-slide av-kqhtdun9-42811ed60118239471f87e95ab015aa3__0  slide-1 slide-odd'><div data-rel='slideshow-2' class='avia-slide-wrap '   ><div class='av-slideshow-caption av-kqhtdun9-42811ed60118239471f87e95ab015aa3__0 avia-caption'><div class=\"avia-inner-caption\"><div class='avia-caption-content '  itemprop=\"description\" ><p>Porto Airport is located just 10 km from the city center (Image: Mark Hillary)<\/p>\n<\/div><\/div><\/div><img decoding=\"async\" fetchpriority=\"high\" class=\"wp-image-1418 avia-img-lazy-loading-not-1418\"  src=\"https:\/\/www.portocard.city\/de\/wp-content\/uploads\/2021\/06\/porto_airport_citycenter.jpg\" width=\"800\" height=\"390\" title='porto_airport_citycenter' alt=''  itemprop=\"thumbnailUrl\" srcset=\"https:\/\/www.portocard.city\/de\/wp-content\/uploads\/2021\/06\/porto_airport_citycenter.jpg 800w, https:\/\/www.portocard.city\/de\/wp-content\/uploads\/2021\/06\/porto_airport_citycenter-300x146.jpg 300w, https:\/\/www.portocard.city\/de\/wp-content\/uploads\/2021\/06\/porto_airport_citycenter-768x374.jpg 768w, https:\/\/www.portocard.city\/de\/wp-content\/uploads\/2021\/06\/porto_airport_citycenter-705x344.jpg 705w, https:\/\/www.portocard.city\/de\/wp-content\/uploads\/2021\/06\/porto_airport_citycenter-450x219.jpg 450w\" sizes=\"(max-width: 800px) 100vw, 800px\" \/><\/div><\/li><li  class='avia-slideshow-slide av-kqhtdun9-42811ed60118239471f87e95ab015aa3__1  slide-2 slide-even'><div data-rel='slideshow-2' class='avia-slide-wrap '   ><div class='av-slideshow-caption av-kqhtdun9-42811ed60118239471f87e95ab015aa3__1 avia-caption'><div class=\"avia-inner-caption\"><div class='avia-caption-content '  itemprop=\"description\" ><p>It is perfect for destinations in the north of Portugal (Image: Alquiler de Coches).<\/p>\n<\/div><\/div><\/div><img decoding=\"async\" fetchpriority=\"high\" class=\"wp-image-1408 avia-img-lazy-loading-not-1408\"  src=\"https:\/\/www.portocard.city\/de\/wp-content\/uploads\/2021\/06\/porto_airport.jpg\" width=\"800\" height=\"390\" title='porto_airport' alt=''  itemprop=\"thumbnailUrl\" srcset=\"https:\/\/www.portocard.city\/de\/wp-content\/uploads\/2021\/06\/porto_airport.jpg 800w, https:\/\/www.portocard.city\/de\/wp-content\/uploads\/2021\/06\/porto_airport-300x146.jpg 300w, https:\/\/www.portocard.city\/de\/wp-content\/uploads\/2021\/06\/porto_airport-768x374.jpg 768w, https:\/\/www.portocard.city\/de\/wp-content\/uploads\/2021\/06\/porto_airport-705x344.jpg 705w, https:\/\/www.portocard.city\/de\/wp-content\/uploads\/2021\/06\/porto_airport-450x219.jpg 450w\" sizes=\"(max-width: 800px) 100vw, 800px\" \/><\/div><\/li><li  class='avia-slideshow-slide av-kqhtdun9-42811ed60118239471f87e95ab015aa3__2  slide-3 slide-odd'><div data-rel='slideshow-2' class='avia-slide-wrap '   ><div class='av-slideshow-caption av-kqhtdun9-42811ed60118239471f87e95ab015aa3__2 avia-caption'><div class=\"avia-inner-caption\"><div class='avia-caption-content '  itemprop=\"description\" ><p>The airport offers many connections: Scheduled flights and low-cost airlines (Image:<br \/>\nPedro Antunes)<\/p>\n<\/div><\/div><\/div><img decoding=\"async\" fetchpriority=\"high\" class=\"wp-image-1413 avia-img-lazy-loading-not-1413\"  src=\"https:\/\/www.portocard.city\/de\/wp-content\/uploads\/2021\/06\/airport_airlines.jpg\" width=\"800\" height=\"390\" title='airport_airlines' alt=''  itemprop=\"thumbnailUrl\" srcset=\"https:\/\/www.portocard.city\/de\/wp-content\/uploads\/2021\/06\/airport_airlines.jpg 800w, https:\/\/www.portocard.city\/de\/wp-content\/uploads\/2021\/06\/airport_airlines-300x146.jpg 300w, https:\/\/www.portocard.city\/de\/wp-content\/uploads\/2021\/06\/airport_airlines-768x374.jpg 768w, https:\/\/www.portocard.city\/de\/wp-content\/uploads\/2021\/06\/airport_airlines-705x344.jpg 705w, https:\/\/www.portocard.city\/de\/wp-content\/uploads\/2021\/06\/airport_airlines-450x219.jpg 450w\" sizes=\"(max-width: 800px) 100vw, 800px\" \/><\/div><\/li><\/ul><div class='avia-slideshow-arrows avia-slideshow-controls' ><a href='#prev' class='prev-slide  avia-svg-icon avia-font-svg_entypo-fontello' data-av_svg_icon='left-open-big' data-av_iconset='svg_entypo-fontello' tabindex='-1' title=\"Previous\"><svg version=\"1.1\" xmlns=\"http:\/\/www.w3.org\/2000\/svg\" width=\"15\" height=\"32\" viewBox=\"0 0 15 32\" preserveAspectRatio=\"xMidYMid meet\" aria-labelledby='av-svg-title-1' aria-describedby='av-svg-desc-1' role=\"graphics-symbol\" aria-hidden=\"true\">\n<title id='av-svg-title-1'>Previous<\/title>\n<desc id='av-svg-desc-1'>Previous<\/desc>\n<path d=\"M14.464 27.84q0.832 0.832 0 1.536-0.832 0.832-1.536 0l-12.544-12.608q-0.768-0.768 0-1.6l12.544-12.608q0.704-0.832 1.536 0 0.832 0.704 0 1.536l-11.456 11.904z\"><\/path>\n<\/svg><span class='avia_hidden_link_text'>Previous<\/span><\/a><a href='#next' class='next-slide  avia-svg-icon avia-font-svg_entypo-fontello' data-av_svg_icon='right-open-big' data-av_iconset='svg_entypo-fontello' tabindex='-1' title=\"Next\"><svg version=\"1.1\" xmlns=\"http:\/\/www.w3.org\/2000\/svg\" width=\"15\" height=\"32\" viewBox=\"0 0 15 32\" preserveAspectRatio=\"xMidYMid meet\" aria-labelledby='av-svg-title-2' aria-describedby='av-svg-desc-2' role=\"graphics-symbol\" aria-hidden=\"true\">\n<title id='av-svg-title-2'>Next<\/title>\n<desc id='av-svg-desc-2'>Next<\/desc>\n<path d=\"M0.416 27.84l11.456-11.84-11.456-11.904q-0.832-0.832 0-1.536 0.832-0.832 1.536 0l12.544 12.608q0.768 0.832 0 1.6l-12.544 12.608q-0.704 0.832-1.536 0-0.832-0.704 0-1.536z\"><\/path>\n<\/svg><span class='avia_hidden_link_text'>Next<\/span><\/a><\/div><div class='avia-slideshow-dots avia-slideshow-controls'><a href='#1' class='goto-slide active' >1<\/a><a href='#2' class='goto-slide ' >2<\/a><a href='#3' class='goto-slide ' >3<\/a><\/div><\/div>\n<section  class='av_textblock_section av-kqhtgcfu-47ad4f5c720cedd203b28e5ce0340540 '   itemscope=\"itemscope\" itemtype=\"https:\/\/schema.org\/CreativeWork\" ><div class='avia_textblock'  itemprop=\"text\" ><h2>Transfer to the city center and destinations in the Porto area<\/h2>\n<p>Porto airport is well connected to the road network and local transport. Here you will find several options to get to and from the airport, depending on your destination and your own preferences.<\/p>\n<h3>The convenient &amp; stress-free option: shuttle \/ transfer to the surroundings of Porto<\/h3>\n<p>The city center can be reached comfortably by metro. But if you have another destination, e.g. in the outskirts of Porto, or if you don&#8217;t want to deal with timetables of bus, metro and train, then a pre-booked shuttle (car or minibus) could be interesting for you.<br \/>\nThis will allow you to travel quickly and comfortably to your destination.<\/p>\n<blockquote>\n<p><strong>You can book the ride <a href=\"https:\/\/www.portocard.city\/recommends\/en-airport-shuttle\/\" target=\"_blank\" rel=\"noopener noreferrer nofollow\">e.g. via the following site before your trip.<\/a> This saves time and possibly hassle and negotiation during your trip, because the price is already fixed at the time of booking.<\/strong><\/p>\n<p><strong>Also minibuses for group trips etc. can be easily booked via this website.<br \/>\n<\/strong><\/p>\n<\/blockquote>\n<div id=\"attachment_1440\" style=\"width: 860px\" class=\"wp-caption aligncenter\"><img decoding=\"async\" aria-describedby=\"caption-attachment-1440\" class=\"wp-image-1440 size-full lazyload\" data-src=\"https:\/\/www.portocard.city\/de\/wp-content\/uploads\/2021\/06\/flughafen_porto_terminal_metro.png\" alt=\"Porto Airport Terminal Metro\" width=\"850\" height=\"290\" data-srcset=\"https:\/\/www.portocard.city\/de\/wp-content\/uploads\/2021\/06\/flughafen_porto_terminal_metro.png 850w, https:\/\/www.portocard.city\/de\/wp-content\/uploads\/2021\/06\/flughafen_porto_terminal_metro-300x102.png 300w, https:\/\/www.portocard.city\/de\/wp-content\/uploads\/2021\/06\/flughafen_porto_terminal_metro-768x262.png 768w, https:\/\/www.portocard.city\/de\/wp-content\/uploads\/2021\/06\/flughafen_porto_terminal_metro-705x241.png 705w, https:\/\/www.portocard.city\/de\/wp-content\/uploads\/2021\/06\/flughafen_porto_terminal_metro-450x154.png 450w\" data-sizes=\"(max-width: 850px) 100vw, 850px\" src=\"data:image\/svg+xml;base64,PHN2ZyB3aWR0aD0iMSIgaGVpZ2h0PSIxIiB4bWxucz0iaHR0cDovL3d3dy53My5vcmcvMjAwMC9zdmciPjwvc3ZnPg==\" style=\"--smush-placeholder-width: 850px; --smush-placeholder-aspect-ratio: 850\/290;\" \/><p id=\"caption-attachment-1440\" class=\"wp-caption-text\">Directly in front of the terminal building is the metro stop &#8211; the metro offers a fast and reliable connection to the city center (Image: S. H. Darlin, CC 2.0 License)<\/p><\/div>\n<\/div><\/section>\n<section  class='av_textblock_section av-kqhwxuzm-fbfe0b208fcda9824f45dccdb3def69e '   itemscope=\"itemscope\" itemtype=\"https:\/\/schema.org\/CreativeWork\" ><div class='avia_textblock'  itemprop=\"text\" ><h3>Public transport (metro, bus): from Porto Airport to the city center &#8211; transfer, connections<\/h3>\n<p><img decoding=\"async\" class=\"size-full wp-image-1446 alignright\" src=\"..\/wp-content\/uploads\/2021\/06\/metro_airport_porto.jpg\" alt=\"Metro stop airport Porto\" width=\"120\" height=\"120\" srcset=\"https:\/\/www.portocard.city\/de\/wp-content\/uploads\/2021\/06\/metro_airport_porto.jpg 120w, https:\/\/www.portocard.city\/de\/wp-content\/uploads\/2021\/06\/metro_airport_porto-80x80.jpg 80w, https:\/\/www.portocard.city\/de\/wp-content\/uploads\/2021\/06\/metro_airport_porto-36x36.jpg 36w\" sizes=\"(max-width: 120px) 100vw, 120px\" \/>Porto Airport Metro Line Since 2006, the airport has been connected to the Porto metro network.<br \/>\nLine E (Violet) will take you comfortably and quickly from the airport to the city center and to all other metro stops.<\/p>\n<p>The metro station is located directly in front of the airport (International Francisco S\u00e1 Carneiro Airport) and is easy to find.<\/p>\n<p>The metro runs between 06:00 and 1:30.<\/p>\n<p><strong>Travel times to important destinations:<\/strong><br \/>\nCasa da M\u00fasica -&gt; 23 min.<br \/>\nTrindade -&gt; 28 min.<br \/>\nCampanh\u00e3 train station -&gt; 33 min.<br \/>\nDrag\u00e3o Stadium -&gt; 35 min.<\/p>\n<p><strong>Map of the Porto Metro:<\/strong><\/p>\n<p>Download: <a href=\"..\/wp-content\/uploads\/2020\/03\/metro_porto_2020.pdf\" target=\"_blank\" rel=\"noopener\">Route network of the Porto Metro (*.pdf, 180 kB)<\/a><\/p>\n<p><strong>Several bus lines also have connections to Porto Airport:<\/strong><\/p>\n<ul>\n<li>Bus lines 601, ZA, 602 and 604 of STCP<\/li>\n<li>Bus line 120 of the company Transportes Resende with the following stop:s Santa Cruz, Le\u00e7a, Matosinhos, Guif\u00f5es<\/li>\n<\/ul>\n<\/div><\/section>\n<section  class='av_textblock_section av-kqi03cmc-4c05ec57682eb63135dd70c9060d51b2 '   itemscope=\"itemscope\" itemtype=\"https:\/\/schema.org\/CreativeWork\" ><div class='avia_textblock'  itemprop=\"text\" ><blockquote>\n<p><strong>Tip: Porto Card &#8211; free transportation + free entrance to attractions<\/strong><br \/>\n<img decoding=\"async\" class=\"size-full wp-image-818 alignright\" src=\"https:\/\/www.portocard.city\/de\/wp-content\/uploads\/2020\/01\/portocard_logo.jpg\" alt=\"\" width=\"228\" height=\"150\" \/>If you plan to visit some of the sightseeing attractions of Porto, then the &#8220;Porto Card&#8221; might be interesting for you.<\/p>\n<p>With this sightseeing pass you can visit many sights for free or with a discount.<br \/>\nIn addition, you can use the local transport for free. Compared to other European cities, this card is very cheap in Porto. It costs about 8,30 \u20ac per day (as of 2021).<\/p>\n<p><a href=\"https:\/\/www.portocard.city\/recommends\/en-portocard-airport\/\" target=\"_blank\" rel=\"noopener noreferrer nofollow\"><strong>You can buy this card online before your trip at no extra charge (click here).<\/strong><\/a><br \/>\nThen you can get on the metro or bus at the airport without still having to deal with the ticketing system and ticket machines of the local transport. You can also find more detailed information on this page.<\/p>\n<\/blockquote>\n<\/div><\/section>\n<section  class='av_textblock_section av-kqi06hsb-11720a6e5335ca1ef21137bbebf24146 '   itemscope=\"itemscope\" itemtype=\"https:\/\/schema.org\/CreativeWork\" ><div class='avia_textblock'  itemprop=\"text\" ><h3><span class=\"\">Taxis at Porto Airport<\/span><\/h3>\n<p>Cabs are waiting for passengers right in front of the terminal. To give you a feeling for the prices, here are the approximate prices (Monday-Friday 6am-9pm, otherwise +20%)<\/p>\n<p>Price per kilometer 80 ct<br \/>\nLuggage larger than 55x35x20cm: 1,60 \u20ac<br \/>\nSurcharge for journey (when calling): 0,80 ct<\/p>\n<p><span style=\"text-decoration: underline;\">Note:<\/span><\/p>\n<ul>\n<li>The prices are valid for max. 4 persons. Large capacity cabs are more expensive.<\/li>\n<li>Transport of wheelchairs and similar aids is free of charge<\/li>\n<li>The amount of the tip is the sole decision of the passenger.<\/li>\n<li>The driver must issue a receipt.<\/li>\n<\/ul>\n<p>In case of problems\/complaints, you can contact the following authorities with the receipt:<br \/>\nPSP (Pol\u00edcia de Seguran\u00e7a P\u00fablica), GNR (Guarda Nacional Republicana), Servi\u00e7os da Inspec\u00e7\u00e3o-Geral das Actividades Econ\u00f3micas.<\/p>\n<div id=\"attachment_1461\" style=\"width: 860px\" class=\"wp-caption aligncenter\"><img decoding=\"async\" aria-describedby=\"caption-attachment-1461\" class=\"wp-image-1461 size-full lazyload\" data-src=\"https:\/\/www.portocard.city\/de\/wp-content\/uploads\/2021\/06\/airport_porto_taxi.png\" alt=\"taxi cab airport porto price\" width=\"850\" height=\"385\" data-srcset=\"https:\/\/www.portocard.city\/de\/wp-content\/uploads\/2021\/06\/airport_porto_taxi.png 850w, https:\/\/www.portocard.city\/de\/wp-content\/uploads\/2021\/06\/airport_porto_taxi-300x136.png 300w, https:\/\/www.portocard.city\/de\/wp-content\/uploads\/2021\/06\/airport_porto_taxi-768x348.png 768w, https:\/\/www.portocard.city\/de\/wp-content\/uploads\/2021\/06\/airport_porto_taxi-705x319.png 705w, https:\/\/www.portocard.city\/de\/wp-content\/uploads\/2021\/06\/airport_porto_taxi-450x204.png 450w\" data-sizes=\"(max-width: 850px) 100vw, 850px\" src=\"data:image\/svg+xml;base64,PHN2ZyB3aWR0aD0iMSIgaGVpZ2h0PSIxIiB4bWxucz0iaHR0cDovL3d3dy53My5vcmcvMjAwMC9zdmciPjwvc3ZnPg==\" style=\"--smush-placeholder-width: 850px; --smush-placeholder-aspect-ratio: 850\/385;\" \/><p id=\"caption-attachment-1461\" class=\"wp-caption-text\">Cabs in front of the airport &#8211; a pre-booked shuttle (see above) can be a useful alternative (Image: LYDIA and her SALAD DAYS, CC 2.0 License)<\/p><\/div>\n<\/div><\/section>\n","protected":false},"excerpt":{"rendered":"","protected":false},"author":1,"featured_media":0,"parent":0,"menu_order":0,"comment_status":"closed","ping_status":"closed","template":"","meta":{"_monsterinsights_skip_tracking":false,"_monsterinsights_sitenote_active":false,"_monsterinsights_sitenote_note":"","_monsterinsights_sitenote_category":0,"_metis_text_type":"","_metis_text_length":0,"_post_count":0,"footnotes":""},"class_list":["post-1402","page","type-page","status-publish","hentry"],"yoast_head":"<!-- This site is optimized with the Yoast SEO plugin v27.5 - https:\/\/yoast.com\/product\/yoast-seo-wordpress\/ -->\n<title>Porto Airport - Porto.Card<\/title>\n<meta name=\"robots\" content=\"index, follow, max-snippet:-1, max-image-preview:large, max-video-preview:-1\" \/>\n<link rel=\"canonical\" href=\"https:\/\/www.portocard.city\/en\/porto-airport\/\" \/>\n<meta property=\"og:locale\" content=\"en_US\" \/>\n<meta property=\"og:type\" content=\"article\" \/>\n<meta property=\"og:title\" content=\"Porto Airport - Porto.Card\" \/>\n<meta property=\"og:url\" content=\"https:\/\/www.portocard.city\/en\/porto-airport\/\" \/>\n<meta property=\"og:site_name\" content=\"Porto.Card\" \/>\n<meta property=\"article:modified_time\" content=\"2021-06-29T12:08:46+00:00\" \/>\n<meta property=\"og:image\" content=\"https:\/\/www.portocard.city\/de\/wp-content\/uploads\/2021\/06\/flughafen_porto_terminal_metro.png\" \/>\n<meta name=\"twitter:card\" content=\"summary_large_image\" \/>\n<meta name=\"twitter:label1\" content=\"Est. reading time\" \/>\n\t<meta name=\"twitter:data1\" content=\"6 minutes\" \/>\n<script type=\"application\/ld+json\" class=\"yoast-schema-graph\">{\"@context\":\"https:\\\/\\\/schema.org\",\"@graph\":[{\"@type\":\"WebPage\",\"@id\":\"https:\\\/\\\/www.portocard.city\\\/en\\\/porto-airport\\\/\",\"url\":\"https:\\\/\\\/www.portocard.city\\\/en\\\/porto-airport\\\/\",\"name\":\"Porto Airport - Porto.Card\",\"isPartOf\":{\"@id\":\"https:\\\/\\\/www.portocard.city\\\/#website\"},\"primaryImageOfPage\":{\"@id\":\"https:\\\/\\\/www.portocard.city\\\/en\\\/porto-airport\\\/#primaryimage\"},\"image\":{\"@id\":\"https:\\\/\\\/www.portocard.city\\\/en\\\/porto-airport\\\/#primaryimage\"},\"thumbnailUrl\":\"https:\\\/\\\/www.portocard.city\\\/de\\\/wp-content\\\/uploads\\\/2021\\\/06\\\/flughafen_porto_terminal_metro.png\",\"datePublished\":\"2021-06-29T08:55:12+00:00\",\"dateModified\":\"2021-06-29T12:08:46+00:00\",\"breadcrumb\":{\"@id\":\"https:\\\/\\\/www.portocard.city\\\/en\\\/porto-airport\\\/#breadcrumb\"},\"inLanguage\":\"en-US\",\"potentialAction\":[{\"@type\":\"ReadAction\",\"target\":[\"https:\\\/\\\/www.portocard.city\\\/en\\\/porto-airport\\\/\"]}]},{\"@type\":\"ImageObject\",\"inLanguage\":\"en-US\",\"@id\":\"https:\\\/\\\/www.portocard.city\\\/en\\\/porto-airport\\\/#primaryimage\",\"url\":\"https:\\\/\\\/www.portocard.city\\\/de\\\/wp-content\\\/uploads\\\/2021\\\/06\\\/flughafen_porto_terminal_metro.png\",\"contentUrl\":\"https:\\\/\\\/www.portocard.city\\\/de\\\/wp-content\\\/uploads\\\/2021\\\/06\\\/flughafen_porto_terminal_metro.png\"},{\"@type\":\"BreadcrumbList\",\"@id\":\"https:\\\/\\\/www.portocard.city\\\/en\\\/porto-airport\\\/#breadcrumb\",\"itemListElement\":[{\"@type\":\"ListItem\",\"position\":1,\"name\":\"Startseite\",\"item\":\"https:\\\/\\\/www.portocard.city\\\/en\\\/\"},{\"@type\":\"ListItem\",\"position\":2,\"name\":\"Porto Airport\"}]},{\"@type\":\"WebSite\",\"@id\":\"https:\\\/\\\/www.portocard.city\\\/#website\",\"url\":\"https:\\\/\\\/www.portocard.city\\\/\",\"name\":\"Porto.Card\",\"description\":\"offizielle City Card der Stadt Porto (Portugal)\",\"potentialAction\":[{\"@type\":\"SearchAction\",\"target\":{\"@type\":\"EntryPoint\",\"urlTemplate\":\"https:\\\/\\\/www.portocard.city\\\/?s={search_term_string}\"},\"query-input\":{\"@type\":\"PropertyValueSpecification\",\"valueRequired\":true,\"valueName\":\"search_term_string\"}}],\"inLanguage\":\"en-US\"}]}<\/script>\n<!-- \/ Yoast SEO plugin. -->","yoast_head_json":{"title":"Porto Airport - Porto.Card","robots":{"index":"index","follow":"follow","max-snippet":"max-snippet:-1","max-image-preview":"max-image-preview:large","max-video-preview":"max-video-preview:-1"},"canonical":"https:\/\/www.portocard.city\/en\/porto-airport\/","og_locale":"en_US","og_type":"article","og_title":"Porto Airport - Porto.Card","og_url":"https:\/\/www.portocard.city\/en\/porto-airport\/","og_site_name":"Porto.Card","article_modified_time":"2021-06-29T12:08:46+00:00","og_image":[{"url":"https:\/\/www.portocard.city\/de\/wp-content\/uploads\/2021\/06\/flughafen_porto_terminal_metro.png","type":"","width":"","height":""}],"twitter_card":"summary_large_image","twitter_misc":{"Est. reading time":"6 minutes"},"schema":{"@context":"https:\/\/schema.org","@graph":[{"@type":"WebPage","@id":"https:\/\/www.portocard.city\/en\/porto-airport\/","url":"https:\/\/www.portocard.city\/en\/porto-airport\/","name":"Porto Airport - Porto.Card","isPartOf":{"@id":"https:\/\/www.portocard.city\/#website"},"primaryImageOfPage":{"@id":"https:\/\/www.portocard.city\/en\/porto-airport\/#primaryimage"},"image":{"@id":"https:\/\/www.portocard.city\/en\/porto-airport\/#primaryimage"},"thumbnailUrl":"https:\/\/www.portocard.city\/de\/wp-content\/uploads\/2021\/06\/flughafen_porto_terminal_metro.png","datePublished":"2021-06-29T08:55:12+00:00","dateModified":"2021-06-29T12:08:46+00:00","breadcrumb":{"@id":"https:\/\/www.portocard.city\/en\/porto-airport\/#breadcrumb"},"inLanguage":"en-US","potentialAction":[{"@type":"ReadAction","target":["https:\/\/www.portocard.city\/en\/porto-airport\/"]}]},{"@type":"ImageObject","inLanguage":"en-US","@id":"https:\/\/www.portocard.city\/en\/porto-airport\/#primaryimage","url":"https:\/\/www.portocard.city\/de\/wp-content\/uploads\/2021\/06\/flughafen_porto_terminal_metro.png","contentUrl":"https:\/\/www.portocard.city\/de\/wp-content\/uploads\/2021\/06\/flughafen_porto_terminal_metro.png"},{"@type":"BreadcrumbList","@id":"https:\/\/www.portocard.city\/en\/porto-airport\/#breadcrumb","itemListElement":[{"@type":"ListItem","position":1,"name":"Startseite","item":"https:\/\/www.portocard.city\/en\/"},{"@type":"ListItem","position":2,"name":"Porto Airport"}]},{"@type":"WebSite","@id":"https:\/\/www.portocard.city\/#website","url":"https:\/\/www.portocard.city\/","name":"Porto.Card","description":"offizielle City Card der Stadt Porto (Portugal)","potentialAction":[{"@type":"SearchAction","target":{"@type":"EntryPoint","urlTemplate":"https:\/\/www.portocard.city\/?s={search_term_string}"},"query-input":{"@type":"PropertyValueSpecification","valueRequired":true,"valueName":"search_term_string"}}],"inLanguage":"en-US"}]}},"_links":{"self":[{"href":"https:\/\/www.portocard.city\/en\/wp-json\/wp\/v2\/pages\/1402","targetHints":{"allow":["GET"]}}],"collection":[{"href":"https:\/\/www.portocard.city\/en\/wp-json\/wp\/v2\/pages"}],"about":[{"href":"https:\/\/www.portocard.city\/en\/wp-json\/wp\/v2\/types\/page"}],"author":[{"embeddable":true,"href":"https:\/\/www.portocard.city\/en\/wp-json\/wp\/v2\/users\/1"}],"replies":[{"embeddable":true,"href":"https:\/\/www.portocard.city\/en\/wp-json\/wp\/v2\/comments?post=1402"}],"version-history":[{"count":0,"href":"https:\/\/www.portocard.city\/en\/wp-json\/wp\/v2\/pages\/1402\/revisions"}],"wp:attachment":[{"href":"https:\/\/www.portocard.city\/en\/wp-json\/wp\/v2\/media?parent=1402"}],"curies":[{"name":"wp","href":"https:\/\/api.w.org\/{rel}","templated":true}]}}